{"id":616,"date":"2015-07-11T20:11:03","date_gmt":"2015-07-11T18:11:03","guid":{"rendered":"http:\/\/www.santuariosantignazio.it\/?page_id=616"},"modified":"2019-08-20T12:46:17","modified_gmt":"2019-08-20T10:46:17","slug":"santignazio1","status":"publish","type":"page","link":"https:\/\/www.santuariosantignazio.it\/?page_id=616","title":{"rendered":"In lavorazione"},"content":{"rendered":"<p>&nbsp;<\/p>\n<h2>Sant&#8217;Ignazio, 24 giugno 2015<\/h2>\n<p><em>Cara Mamma e caro Pap\u00e0,<\/em><\/p>\n<p><em>so che di recente avete avuto la gioia di una nascita ed \u00e8 per questo che mi permetto di entrare in casa vostra per condividere le gioie e le speranze che la nuova creatura hanno portato nella vostra famiglia.<\/em><\/p>\n<p><em>Ogni bambino che nasce porta con s\u00e9 l\u2019attesa delle tante cose che verranno, insieme a tanti interrogativi e qualche preoccupazione. Da secoli i nostri familiari hanno portato le loro gioie e speranze insieme alle preoccupazioni al Santuario di S. Ignazio dove mi \u00e8 particolarmente caro invitarvi alla <strong><u>Messa di domenica 2 agosto alle ore 17,00 <\/u><\/strong> perch\u00e8 proprio questo grande Santo da quattro secoli \u00e8 invocato per ottenere la protezione per i bambini e per questo \u00e8 stato considerato dai valligiani come il Patrono delle giovani generazioni. Questa devozione trovava un\u2019espressione bella e gentile nel giorno della festa liturgica di Sant\u2019Ignazio (31 luglio) nella consuetudine di portare in Santuario i bimbi nati nell\u2019ultimo anno per metterli sotto la protezione del Santo e ricevere la speciale benedizione che ad ogni piccolo veniva impartita ed \u00e8 stata ripresa con molto gradimento delle famiglie interessate. Per questo invito voi e vi chiedo di estendere l\u2019invito ad altre coppie che come voi hanno avuto una nascita nell\u2019anno 2014 e in questi primi mesi del 2015 alla Messa del 2 agosto in cui si terr\u00e0 la benedizione dei bimbi. <\/em><\/p>\n<p>Ovviamente anche tutti gli altri bambini sono invitati e anche per loro pregheremo in modo particolare.<\/p>\n<p>Ci troveremo sul piazzale basso del Santuario (alle ore 16,15) e saliremo processionalmente. La celebrazione sar\u00e0 presieduta da Don Claudio Pavesio, parroco di Ceres e Moderatore della Unit\u00e0 pastorale e sar\u00e0 per me l\u2019occasione per incontrarvi e per pregare insieme affidando ogni bimbo\/a al Signore per mezzo di S.Ignazio.<\/p>\n<p><em>In Santuario ci sar\u00e0 la possibilit\u00e0 di assistenza per ogni necessit\u00e0, anche medica, per le mamme e i piccini.<\/em><\/p>\n<p><em>Al termine della funzione ci sar\u00e0 un momento conviviale per proseguire la festa iniziata nella celebrazione.<\/em><\/p>\n<p><em>Vi sarei grato se poteste dare una risposta, che naturalmente \u00e8 pienamente libera, o direttamente al Santuario, specie se desiderate delle precisazioni, o tramite il vostro parroco.<\/em><\/p>\n<p><em>Vi ringrazio di cuore se vorrete accettare l\u2019invito e allietare la festa del nostro Patrono col sorriso del vostro bimbo o bimba.<\/em><\/p>\n<p><em>Insieme alle famiglie dei Diaconi permanenti che con me condividono il servizio in Santuario vi affido fin da ora al Signore della vita in attesa di incontrarci. Un fraterno saluto.\u00a0 <\/em><\/p>\n<p>Il \u00a0Rettore<\/p>\n<p>&nbsp;<\/p>\n","protected":false},"excerpt":{"rendered":"<p>&nbsp; Sant&#8217;Ignazio, 24 giugno 2015 Cara Mamma e caro Pap\u00e0, so che di recente avete avuto la gioia di una nascita ed \u00e8 per questo che mi permetto di entrare in casa vostra per condividere le gioie e le speranze che la nuova creatura hanno portato nella vostra famiglia. Ogni bambino che nasce porta con &hellip; <\/p>\n<p class=\"link-more\"><a href=\"https:\/\/www.santuariosantignazio.it\/?page_id=616\" class=\"more-link\">Leggi tutto<span class=\"screen-reader-text\"> &#8220;In lavorazione&#8221;<\/span><\/a><\/p>\n","protected":false},"author":2,"featured_media":0,"parent":126,"menu_order":0,"comment_status":"open","ping_status":"open","template":"","meta":{"ngg_post_thumbnail":0},"_links":{"self":[{"href":"https:\/\/www.santuariosantignazio.it\/index.php?rest_route=\/wp\/v2\/pages\/616"}],"collection":[{"href":"https:\/\/www.santuariosantignazio.it\/index.php?rest_route=\/wp\/v2\/pages"}],"about":[{"href":"https:\/\/www.santuariosantignazio.it\/index.php?rest_route=\/wp\/v2\/types\/page"}],"author":[{"embeddable":true,"href":"https:\/\/www.santuariosantignazio.it\/index.php?rest_route=\/wp\/v2\/users\/2"}],"replies":[{"embeddable":true,"href":"https:\/\/www.santuariosantignazio.it\/index.php?rest_route=%2Fwp%2Fv2%2Fcomments&post=616"}],"version-history":[{"count":4,"href":"https:\/\/www.santuariosantignazio.it\/index.php?rest_route=\/wp\/v2\/pages\/616\/revisions"}],"predecessor-version":[{"id":2394,"href":"https:\/\/www.santuariosantignazio.it\/index.php?rest_route=\/wp\/v2\/pages\/616\/revisions\/2394"}],"up":[{"embeddable":true,"href":"https:\/\/www.santuariosantignazio.it\/index.php?rest_route=\/wp\/v2\/pages\/126"}],"wp:attachment":[{"href":"https:\/\/www.santuariosantignazio.it\/index.php?rest_route=%2Fwp%2Fv2%2Fmedia&parent=616"}],"curies":[{"name":"wp","href":"https:\/\/api.w.org\/{rel}","templated":true}]}}